{"id":33366917,"date":"2019-11-12T13:43:12","date_gmt":"2019-11-12T11:43:12","guid":{"rendered":"http:\/\/get-handel.com\/impressum"},"modified":"2020-02-25T10:54:49","modified_gmt":"2020-02-25T08:54:49","slug":"impressum","status":"publish","type":"page","link":"https:\/\/get-handel.com\/en\/impressum","title":{"rendered":""},"content":{"rendered":"<p>{&#8222;main-title&#8220;:{&#8222;component&#8220;:&#8220;hc_title&#8220;,&#8220;id&#8220;:&#8220;main-title&#8220;,&#8220;title&#8220;:&#8220;&#8220;,&#8220;subtitle&#8220;:&#8220;&#8220;,&#8220;title_content&#8220;:{&#8222;component&#8220;:&#8220;hc_title_empty&#8220;,&#8220;id&#8220;:&#8220;title-empty&#8220;}},&#8220;section_5ZtkF&#8220;:{&#8222;component&#8220;:&#8220;hc_section&#8220;,&#8220;id&#8220;:&#8220;section_5ZtkF&#8220;,&#8220;section_width&#8220;:&#8220;&#8220;,&#8220;animation&#8220;:&#8220;&#8220;,&#8220;animation_time&#8220;:&#8220;&#8220;,&#8220;timeline_animation&#8220;:&#8220;&#8220;,&#8220;timeline_delay&#8220;:&#8220;&#8220;,&#8220;timeline_order&#8220;:&#8220;&#8220;,&#8220;vertical_row&#8220;:&#8220;&#8220;,&#8220;box_middle&#8220;:&#8220;&#8220;,&#8220;css_classes&#8220;:&#8220;&#8220;,&#8220;custom_css_classes&#8220;:&#8220;&#8220;,&#8220;custom_css_styles&#8220;:&#8220;&#8220;,&#8220;section_content&#8220;:[{&#8222;component&#8220;:&#8220;hc_column&#8220;,&#8220;id&#8220;:&#8220;column_DUQ7j&#8220;,&#8220;column_width&#8220;:&#8220;col-md-12&#8243;,&#8220;animation&#8220;:&#8220;&#8220;,&#8220;animation_time&#8220;:&#8220;&#8220;,&#8220;timeline_animation&#8220;:&#8220;&#8220;,&#8220;timeline_delay&#8220;:&#8220;&#8220;,&#8220;timeline_order&#8220;:&#8220;&#8220;,&#8220;css_classes&#8220;:&#8220;&#8220;,&#8220;custom_css_classes&#8220;:&#8220;&#8220;,&#8220;custom_css_styles&#8220;:&#8220;&#8220;,&#8220;main_content&#8220;:[{&#8222;component&#8220;:&#8220;hc_space&#8220;,&#8220;id&#8220;:&#8220;XUcuB&#8220;,&#8220;css_classes&#8220;:&#8220;&#8220;,&#8220;custom_css_classes&#8220;:&#8220;&#8220;,&#8220;custom_css_styles&#8220;:&#8220;&#8220;,&#8220;size&#8220;:&#8220;l&#8220;,&#8220;height&#8220;:&#8220;&#8220;},{&#8222;component&#8220;:&#8220;hc_space&#8220;,&#8220;id&#8220;:&#8220;3Srgi&#8220;,&#8220;css_classes&#8220;:&#8220;&#8220;,&#8220;custom_css_classes&#8220;:&#8220;&#8220;,&#8220;custom_css_styles&#8220;:&#8220;&#8220;,&#8220;size&#8220;:&#8220;l&#8220;,&#8220;height&#8220;:&#8220;&#8220;},{&#8222;component&#8220;:&#8220;hc_title_tag&#8220;,&#8220;id&#8220;:&#8220;4fxH8&#8243;,&#8220;css_classes&#8220;:&#8220;&#8220;,&#8220;custom_css_classes&#8220;:&#8220;&#8220;,&#8220;custom_css_styles&#8220;:&#8220;&#8220;,&#8220;text&#8220;:&#8220;Impressum&#8220;,&#8220;tag&#8220;:&#8220;h2&#8243;},{&#8222;component&#8220;:&#8220;hc_text_block&#8220;,&#8220;id&#8220;:&#8220;GnzBT&#8220;,&#8220;css_classes&#8220;:&#8220;&#8220;,&#8220;custom_css_classes&#8220;:&#8220;&#8220;,&#8220;custom_css_styles&#8220;:&#8220;&#8220;,&#8220;content&#8220;:&#8220;Get Handelsgesellschaft mbH\\nM\u00fcller-Br\u00fcderlin-Stra\u00dfe 39\\nD-47803 Krefeld&#8220;},{&#8222;component&#8220;:&#8220;hc_wp_editor&#8220;,&#8220;id&#8220;:&#8220;94pGg&#8220;,&#8220;css_classes&#8220;:&#8220;&#8220;,&#8220;custom_css_classes&#8220;:&#8220;&#8220;,&#8220;custom_css_styles&#8220;:&#8220;&#8220;,&#8220;editor_content&#8220;:&#8220;<a href='tel:+4921513511874'>Tel.: +49 (0)2151 35 11 874<\/a>\\n\\n<a href='mailto:info@get-handel.com'>info@get-handel.com<\/a>\\n<a href='https:\/\/get-handel.com'>www.get-handel.com<\/a>\\n&nbsp;&#8222;},{&#8222;component&#8220;:&#8220;hc_text_block&#8220;,&#8220;id&#8220;:&#8220;69QNR&#8220;,&#8220;css_classes&#8220;:&#8220;&#8220;,&#8220;custom_css_classes&#8220;:&#8220;&#8220;,&#8220;custom_css_styles&#8220;:&#8220;&#8220;,&#8220;content&#8220;:&#8220;Gesch\u00e4ftsf\u00fchrer: Guido Heuer\\nHandelsregister Krefeld\\nRegisternr. HRB 15207\\nUST-ID-Nr.: DE323 323 398&#8243;},{&#8222;component&#8220;:&#8220;hc_space&#8220;,&#8220;id&#8220;:&#8220;vwwfI&#8220;,&#8220;css_classes&#8220;:&#8220;&#8220;,&#8220;custom_css_classes&#8220;:&#8220;&#8220;,&#8220;custom_css_styles&#8220;:&#8220;&#8220;,&#8220;size&#8220;:&#8220;l&#8220;,&#8220;height&#8220;:&#8220;&#8220;},{&#8222;component&#8220;:&#8220;hc_title_tag&#8220;,&#8220;id&#8220;:&#8220;aXM0j&#8220;,&#8220;css_classes&#8220;:&#8220;&#8220;,&#8220;custom_css_classes&#8220;:&#8220;&#8220;,&#8220;custom_css_styles&#8220;:&#8220;&#8220;,&#8220;text&#8220;:&#8220;HAFTUNGSAUSSCHLUSS&#8220;,&#8220;tag&#8220;:&#8220;h2&#8243;},{&#8222;component&#8220;:&#8220;hc_text_block&#8220;,&#8220;id&#8220;:&#8220;KkPgw&#8220;,&#8220;css_classes&#8220;:&#8220;&#8220;,&#8220;custom_css_classes&#8220;:&#8220;&#8220;,&#8220;custom_css_styles&#8220;:&#8220;&#8220;,&#8220;content&#8220;:&#8220;Die Bilder, Texte und\/oder graphischen Gestaltungen auf der Website sind urheberrechtlich gesch\u00fctzt. Das Copyright f\u00fcr ver\u00f6ffentlichte, selbst erstellte Objekte bleibt allein bei der Get Handelsgesellschaft mbH. Kein Teil des Inhalts dieser Website, das gilt insbesondere f\u00fcr Grafiken, Tondokumente, Videosequenzen und Texte, darf ohne schriftliche Genehmigung der Get Handelsgesellschaft mbH in anderen elektronischen oder gedruckten Publikationen vervielf\u00e4ltigt oder verwendet werden.\\n\\nDie Get Handelsgesellschaft mbH \u00fcbernimmt keinerlei Gew\u00e4hr f\u00fcr die Aktualit\u00e4t, Korrektheit, Vollst\u00e4ndigkeit oder Qualit\u00e4t der bereitgestellten Informationen. Haftungsanspr\u00fcche gegen sie, welche sich auf Sch\u00e4den materieller oder ideeller Art beziehen, die durch die Nutzung oder Nichtnutzung der dargebotenen Informationen bzw. durch die Nutzung fehlerhafter und unvollst\u00e4ndiger Informationen verursacht wurden, sind grunds\u00e4tzlich ausgeschlossen, sofern seitens der Get Handelsgesellschaft mbH nachweislich kein vors\u00e4tzliches Verschulden vorliegt.\\n\\nDie Get Handelsgesellschaft mbH haftet bei direkten oder indirekten Verweisen auf fremde Internetseiten (\u201eLinks\u201c), die au\u00dferhalb ihres Verantwortungsbereiches liegen, nicht f\u00fcr deren Inhalte. F\u00fcr illegale, fehlerhafte oder unvollst\u00e4ndige Inhalte und insbesondere f\u00fcr Sch\u00e4den, die aus der Nutzung oder Nichtnutzung solcher Art dargebotener Informationen entstehen, haftet allein der Anbieter der Seite, auf welche verwiesen wurde. Die Get Handelsgesellschaft mbH erkl\u00e4rt hiermit ausdr\u00fccklich, dass zum Zeitpunkt der Linksetzung die entsprechenden verlinkten Seiten ihrer Kenntnis nach frei von illegalen Inhalten waren. Auf die aktuelle oder zuk\u00fcnftige Gestaltung, die Inhalte oder Urheberschaft der verlinkten\/verkn\u00fcpften Seiten hat die Get Handelsgesellschaft mbH keinerlei Einfluss. Deshalb distanziert sie sich hiermit ausdr\u00fccklich von allen Inhalten der verlinkten\/ verkn\u00fcpften Seiten, die nach der Linksetzung ver\u00e4ndert wurden. Diese Feststellung gilt f\u00fcr alle innerhalb des eigenen Internetangebotes gesetzten Links und Verweise sowie f\u00fcr Fremdeintr\u00e4ge in den von der Get Handelsgesellschaft mbH eingerichteten G\u00e4steb\u00fcchern, Diskussionsforen und Mailinglisten.\\n\\nSofern Teile oder einzelne Formulierungen dieses Textes der geltenden Rechtslage nicht, nicht mehr oder nicht vollst\u00e4ndig entsprechen sollten, bleiben die \u00fcbrigen Teile des Dokumentes in ihrem Inhalt und ihrer G\u00fcltigkeit davon unber\u00fchrt.&#8220;}]}],&#8220;section_settings&#8220;:&#8220;&#8220;},&#8220;scripts&#8220;:{},&#8220;css&#8220;:{},&#8220;css_page&#8220;:&#8220;&#8220;,&#8220;template_setting&#8220;:{&#8222;settings&#8220;:{&#8222;id&#8220;:&#8220;settings&#8220;}},&#8220;template_setting_top&#8220;:{},&#8220;page_setting&#8220;:{&#8222;settings&#8220;:[&#8222;lock-mode-off&#8220;]}}<\/p>\n","protected":false},"excerpt":{"rendered":"<p>{&#8222;main-title&#8220;:{&#8222;component&#8220;:&#8220;hc_title&#8220;,&#8220;id&#8220;:&#8220;main-title&#8220;,&#8220;title&#8220;:&#8220;&#8220;,&#8220;subtitle&#8220;:&#8220;&#8220;,&#8220;title_content&#8220;:{&#8222;component&#8220;:&#8220;hc_title_empty&#8220;,&#8220;id&#8220;:&#8220;title-empty&#8220;}},&#8220;section_5ZtkF&#8220;:{&#8222;component&#8220;:&#8220;hc_section&#8220;,&#8220;id&#8220;:&#8220;section_5ZtkF&#8220;,&#8220;section_width&#8220;:&#8220;&#8220;,&#8220;animation&#8220;:&#8220;&#8220;,&#8220;animation_time&#8220;:&#8220;&#8220;,&#8220;timeline_animation&#8220;:&#8220;&#8220;,&#8220;timeline_delay&#8220;:&#8220;&#8220;,&#8220;timeline_order&#8220;:&#8220;&#8220;,&#8220;vertical_row&#8220;:&#8220;&#8220;,&#8220;box_middle&#8220;:&#8220;&#8220;,&#8220;css_classes&#8220;:&#8220;&#8220;,&#8220;custom_css_classes&#8220;:&#8220;&#8220;,&#8220;custom_css_styles&#8220;:&#8220;&#8220;,&#8220;section_content&#8220;:[{&#8222;component&#8220;:&#8220;hc_column&#8220;,&#8220;id&#8220;:&#8220;column_DUQ7j&#8220;,&#8220;column_width&#8220;:&#8220;col-md-12&#8243;,&#8220;animation&#8220;:&#8220;&#8220;,&#8220;animation_time&#8220;:&#8220;&#8220;,&#8220;timeline_animation&#8220;:&#8220;&#8220;,&#8220;timeline_delay&#8220;:&#8220;&#8220;,&#8220;timeline_order&#8220;:&#8220;&#8220;,&#8220;css_classes&#8220;:&#8220;&#8220;,&#8220;custom_css_classes&#8220;:&#8220;&#8220;,&#8220;custom_css_styles&#8220;:&#8220;&#8220;,&#8220;main_content&#8220;:[{&#8222;component&#8220;:&#8220;hc_space&#8220;,&#8220;id&#8220;:&#8220;XUcuB&#8220;,&#8220;css_classes&#8220;:&#8220;&#8220;,&#8220;custom_css_classes&#8220;:&#8220;&#8220;,&#8220;custom_css_styles&#8220;:&#8220;&#8220;,&#8220;size&#8220;:&#8220;l&#8220;,&#8220;height&#8220;:&#8220;&#8220;},{&#8222;component&#8220;:&#8220;hc_space&#8220;,&#8220;id&#8220;:&#8220;3Srgi&#8220;,&#8220;css_classes&#8220;:&#8220;&#8220;,&#8220;custom_css_classes&#8220;:&#8220;&#8220;,&#8220;custom_css_styles&#8220;:&#8220;&#8220;,&#8220;size&#8220;:&#8220;l&#8220;,&#8220;height&#8220;:&#8220;&#8220;},{&#8222;component&#8220;:&#8220;hc_title_tag&#8220;,&#8220;id&#8220;:&#8220;4fxH8&#8243;,&#8220;css_classes&#8220;:&#8220;&#8220;,&#8220;custom_css_classes&#8220;:&#8220;&#8220;,&#8220;custom_css_styles&#8220;:&#8220;&#8220;,&#8220;text&#8220;:&#8220;Impressum&#8220;,&#8220;tag&#8220;:&#8220;h2&#8243;},{&#8222;component&#8220;:&#8220;hc_text_block&#8220;,&#8220;id&#8220;:&#8220;GnzBT&#8220;,&#8220;css_classes&#8220;:&#8220;&#8220;,&#8220;custom_css_classes&#8220;:&#8220;&#8220;,&#8220;custom_css_styles&#8220;:&#8220;&#8220;,&#8220;content&#8220;:&#8220;Get Handelsgesellschaft mbH\\nM\u00fcller-Br\u00fcderlin-Stra\u00dfe 39\\nD-47803 Krefeld&#8220;},{&#8222;component&#8220;:&#8220;hc_wp_editor&#8220;,&#8220;id&#8220;:&#8220;94pGg&#8220;,&#8220;css_classes&#8220;:&#8220;&#8220;,&#8220;custom_css_classes&#8220;:&#8220;&#8220;,&#8220;custom_css_styles&#8220;:&#8220;&#8220;,&#8220;editor_content&#8220;:&#8220;Tel.: +49 (0)2151 35 11 874\\n\\ninfo@get-handel.com\\nwww.get-handel.com\\n&nbsp;&#8222;},{&#8222;component&#8220;:&#8220;hc_text_block&#8220;,&#8220;id&#8220;:&#8220;69QNR&#8220;,&#8220;css_classes&#8220;:&#8220;&#8220;,&#8220;custom_css_classes&#8220;:&#8220;&#8220;,&#8220;custom_css_styles&#8220;:&#8220;&#8220;,&#8220;content&#8220;:&#8220;Gesch\u00e4ftsf\u00fchrer: Guido Heuer\\nHandelsregister Krefeld\\nRegisternr. HRB 15207\\nUST-ID-Nr.: DE323 323 398&#8243;},{&#8222;component&#8220;:&#8220;hc_space&#8220;,&#8220;id&#8220;:&#8220;vwwfI&#8220;,&#8220;css_classes&#8220;:&#8220;&#8220;,&#8220;custom_css_classes&#8220;:&#8220;&#8220;,&#8220;custom_css_styles&#8220;:&#8220;&#8220;,&#8220;size&#8220;:&#8220;l&#8220;,&#8220;height&#8220;:&#8220;&#8220;},{&#8222;component&#8220;:&#8220;hc_title_tag&#8220;,&#8220;id&#8220;:&#8220;aXM0j&#8220;,&#8220;css_classes&#8220;:&#8220;&#8220;,&#8220;custom_css_classes&#8220;:&#8220;&#8220;,&#8220;custom_css_styles&#8220;:&#8220;&#8220;,&#8220;text&#8220;:&#8220;HAFTUNGSAUSSCHLUSS&#8220;,&#8220;tag&#8220;:&#8220;h2&#8243;},{&#8222;component&#8220;:&#8220;hc_text_block&#8220;,&#8220;id&#8220;:&#8220;KkPgw&#8220;,&#8220;css_classes&#8220;:&#8220;&#8220;,&#8220;custom_css_classes&#8220;:&#8220;&#8220;,&#8220;custom_css_styles&#8220;:&#8220;&#8220;,&#8220;content&#8220;:&#8220;Die Bilder, Texte und\/oder graphischen Gestaltungen auf der Website sind urheberrechtlich gesch\u00fctzt. Das Copyright f\u00fcr ver\u00f6ffentlichte, selbst erstellte Objekte bleibt allein bei der Get Handelsgesellschaft mbH. Kein Teil des Inhalts dieser Website, das gilt insbesondere f\u00fcr Grafiken, Tondokumente, [&hellip;]<\/p>\n","protected":false},"author":1,"featured_media":0,"parent":0,"menu_order":0,"comment_status":"closed","ping_status":"closed","template":"","meta":{"footnotes":""},"class_list":["post-33366917","page","type-page","status-publish","hentry"],"_links":{"self":[{"href":"https:\/\/get-handel.com\/en\/wp-json\/wp\/v2\/pages\/33366917","targetHints":{"allow":["GET"]}}],"collection":[{"href":"https:\/\/get-handel.com\/en\/wp-json\/wp\/v2\/pages"}],"about":[{"href":"https:\/\/get-handel.com\/en\/wp-json\/wp\/v2\/types\/page"}],"author":[{"embeddable":true,"href":"https:\/\/get-handel.com\/en\/wp-json\/wp\/v2\/users\/1"}],"replies":[{"embeddable":true,"href":"https:\/\/get-handel.com\/en\/wp-json\/wp\/v2\/comments?post=33366917"}],"version-history":[{"count":45,"href":"https:\/\/get-handel.com\/en\/wp-json\/wp\/v2\/pages\/33366917\/revisions"}],"predecessor-version":[{"id":33367532,"href":"https:\/\/get-handel.com\/en\/wp-json\/wp\/v2\/pages\/33366917\/revisions\/33367532"}],"wp:attachment":[{"href":"https:\/\/get-handel.com\/en\/wp-json\/wp\/v2\/media?parent=33366917"}],"curies":[{"name":"wp","href":"https:\/\/api.w.org\/{rel}","templated":true}]}}